{"id":71,"date":"2019-10-13T14:17:12","date_gmt":"2019-10-13T12:17:12","guid":{"rendered":"https:\/\/www.ra-dr-luetke.de\/?page_id=71"},"modified":"2024-12-10T17:29:10","modified_gmt":"2024-12-10T16:29:10","slug":"home","status":"publish","type":"page","link":"https:\/\/www.ra-dr-luetke.de\/","title":{"rendered":"Home"},"content":{"rendered":"\t\t<div data-elementor-type=\"wp-page\" data-elementor-id=\"71\" class=\"elementor elementor-71\">\n\t\t\t\t\t\t\t\t\t<section class=\"elementor-section elementor-top-section elementor-element elementor-element-b414e89 elementor-section-boxed elementor-section-height-default elementor-section-height-default\" data-id=\"b414e89\" data-element_type=\"section\">\n\t\t\t\t\t\t<div class=\"elementor-container elementor-column-gap-default\">\n\t\t\t\t\t<div class=\"elementor-column elementor-col-100 elementor-top-column elementor-element elementor-element-878a895\" data-id=\"878a895\" data-element_type=\"column\">\n\t\t\t<div class=\"elementor-widget-wrap elementor-element-populated\">\n\t\t\t\t\t\t\t\t<div class=\"elementor-element elementor-element-99ce180 elementor-widget elementor-widget-text-editor\" data-id=\"99ce180\" data-element_type=\"widget\" data-widget_type=\"text-editor.default\">\n\t\t\t\t<div class=\"elementor-widget-container\">\n\t\t\t\t\t\t\t<p>Willkommen auf meiner Webseite, auf der Sie Informationen und weiterf\u00fchrende Hinweise zu\u00a0 meiner bundesweiten anwaltlichen T\u00e4tigkeit finden.<\/p><p>Ich &#8211; Rechtsanwalt Dr. Hans-Josef L\u00fctke &#8211; bin Fachanwalt f\u00fcr Urheber- und Medienrecht und vertrete seit Jahren Mandanten in allen Bereichen dieser Rechtsgebiete und den damit zusammenh\u00e4ngenden Fragestellungen.<\/p><p>Ein Schwerpunkt meiner Arbeit liegt auf dem Gebiet des Pr\u00fcfungsrechtes und betrifft insbesondere die Anfechtung von Pr\u00fcfungsentscheidungen in der Steuerberaterpr\u00fcfung (\u00fcber die ich auch promoviert habe); hinzu kommt die Anfechtung von Entscheidungen in juristischen Pr\u00fcfungen und die Anfechtung von Entscheidungen im Laufbahnrecht der Beamten.<\/p><p style=\"text-align: left;\">Gemeinsam mit Prof. Dr. Gramlich bin ich Verfasser eines Doppelkommentars zum Gesch\u00e4ftsgeheimnisgesetz (GeschGehG) und Hinweisgeberschutzgesetzes (HinSchG) und eines Leitfadens f\u00fcr die unternehmerische Praxis, die im Dezember 2023 bzw. Mai 2024 erscheinen sind.<\/p><p>Neben der praktischen T\u00e4tigkeit arbeite ich auch wissenschaftlich auf den von mir bearbeiteten Rechtsgebieten. Dazu finden Sie unter dem Men\u00fcpunkt \u201eVer\u00f6ffentlichungen\u201c weitergehende Hinweise.<\/p><p>F\u00fcr eine Kontaktaufnahme rufen Sie mich am besten einfach an. Bei einem Kontakt per E-Mail ist erforderlich, dass Sie zun\u00e4chst die unter dem Men\u00fcpunkt \u201eDatenschutz\u201c n\u00e4her beschriebene Datenschutzerkl\u00e4rung akzeptieren.<\/p>\t\t\t\t\t\t<\/div>\n\t\t\t\t<\/div>\n\t\t\t\t\t<\/div>\n\t\t<\/div>\n\t\t\t\t\t\t\t<\/div>\n\t\t<\/section>\n\t\t\t\t\t\t\t<\/div>\n\t\t","protected":false},"excerpt":{"rendered":"<p>Willkommen auf meiner Webseite, auf der Sie Informationen und weiterf\u00fchrende Hinweise zu\u00a0 meiner bundesweiten anwaltlichen T\u00e4tigkeit finden. Ich &#8211; Rechtsanwalt Dr. Hans-Josef L\u00fctke &#8211; bin Fachanwalt f\u00fcr Urheber- und Medienrecht und vertrete seit Jahren Mandanten in allen Bereichen dieser Rechtsgebiete und den damit zusammenh\u00e4ngenden Fragestellungen. Ein Schwerpunkt meiner Arbeit liegt auf dem Gebiet des Pr\u00fcfungsrechtes [&hellip;]<\/p>\n","protected":false},"author":1,"featured_media":0,"parent":0,"menu_order":0,"comment_status":"closed","ping_status":"closed","template":"","meta":{"_uag_custom_page_level_css":"","footnotes":""},"uagb_featured_image_src":{"full":false,"thumbnail":false,"medium":false,"medium_large":false,"large":false,"1536x1536":false,"2048x2048":false},"uagb_author_info":{"display_name":"web1264","author_link":"https:\/\/www.ra-dr-luetke.de\/?author=1"},"uagb_comment_info":0,"uagb_excerpt":"Willkommen auf meiner Webseite, auf der Sie Informationen und weiterf\u00fchrende Hinweise zu\u00a0 meiner bundesweiten anwaltlichen T\u00e4tigkeit finden. Ich &#8211; Rechtsanwalt Dr. Hans-Josef L\u00fctke &#8211; bin Fachanwalt f\u00fcr Urheber- und Medienrecht und vertrete seit Jahren Mandanten in allen Bereichen dieser Rechtsgebiete und den damit zusammenh\u00e4ngenden Fragestellungen. Ein Schwerpunkt meiner Arbeit liegt auf dem Gebiet des Pr\u00fcfungsrechtes&hellip;","_links":{"self":[{"href":"https:\/\/www.ra-dr-luetke.de\/index.php?rest_route=\/wp\/v2\/pages\/71"}],"collection":[{"href":"https:\/\/www.ra-dr-luetke.de\/index.php?rest_route=\/wp\/v2\/pages"}],"about":[{"href":"https:\/\/www.ra-dr-luetke.de\/index.php?rest_route=\/wp\/v2\/types\/page"}],"author":[{"embeddable":true,"href":"https:\/\/www.ra-dr-luetke.de\/index.php?rest_route=\/wp\/v2\/users\/1"}],"replies":[{"embeddable":true,"href":"https:\/\/www.ra-dr-luetke.de\/index.php?rest_route=%2Fwp%2Fv2%2Fcomments&post=71"}],"version-history":[{"count":36,"href":"https:\/\/www.ra-dr-luetke.de\/index.php?rest_route=\/wp\/v2\/pages\/71\/revisions"}],"predecessor-version":[{"id":920,"href":"https:\/\/www.ra-dr-luetke.de\/index.php?rest_route=\/wp\/v2\/pages\/71\/revisions\/920"}],"wp:attachment":[{"href":"https:\/\/www.ra-dr-luetke.de\/index.php?rest_route=%2Fwp%2Fv2%2Fmedia&parent=71"}],"curies":[{"name":"wp","href":"https:\/\/api.w.org\/{rel}","templated":true}]}}